{"id":7,"date":"2024-09-13T09:50:03","date_gmt":"2024-09-13T07:50:03","guid":{"rendered":"https:\/\/www.insanemonkeytattoo.at\/?page_id=7"},"modified":"2024-09-23T11:41:42","modified_gmt":"2024-09-23T09:41:42","slug":"start","status":"publish","type":"page","link":"https:\/\/www.insanemonkeytattoo.at\/","title":{"rendered":"Home"},"content":{"rendered":"\t\t<div data-elementor-type=\"wp-page\" data-elementor-id=\"7\" class=\"elementor elementor-7\">\n\t\t\t\t<div class=\"elementor-element elementor-element-59d05e7 e-flex e-con-boxed e-con e-parent\" data-id=\"59d05e7\" data-element_type=\"container\">\n\t\t\t\t\t<div class=\"e-con-inner\">\n\t\t\t\t<div class=\"elementor-element elementor-element-3c3a245 elementor-widget elementor-widget-heading\" data-id=\"3c3a245\" data-element_type=\"widget\" data-widget_type=\"heading.default\">\n\t\t\t\t<div class=\"elementor-widget-container\">\n\t\t\t\t\t<h4 class=\"elementor-heading-title elementor-size-default\">The Insane Monkey - Tattoo und Piercingstudio in Hollersbach<\/h4>\t\t\t\t<\/div>\n\t\t\t\t<\/div>\n\t\t\t\t\t<\/div>\n\t\t\t\t<\/div>\n\t\t<div class=\"elementor-element elementor-element-a0d459c e-flex e-con-boxed e-con e-parent\" data-id=\"a0d459c\" data-element_type=\"container\">\n\t\t\t\t\t<div class=\"e-con-inner\">\n\t\t\t\t<div class=\"elementor-element elementor-element-3ca36e59 elementor-widget elementor-widget-text-editor\" data-id=\"3ca36e59\" data-element_type=\"widget\" data-widget_type=\"text-editor.default\">\n\t\t\t\t<div class=\"elementor-widget-container\">\n\t\t\t\t\t\t\t\t\t\n<p>Willkommen bei <span style=\"text-decoration: underline;\"><em><strong>The Insane Monkey<\/strong><\/em><\/span>, deinem Tattoo- und Piercing-Studio in Hollersbach! Unter der kreativen Leitung von Inhaberin <span style=\"text-decoration: underline;\"><em><strong>Melanie<\/strong><\/em><\/span> sind wir stolz darauf, individuelle Kunstwerke zu erschaffen und ein einzigartiges Piercing-Erlebnis zu bieten.<\/p>\n<p><strong>Melanie<\/strong> ist die Gr\u00fcnderin und treibende Kraft hinter The Insane Monkey. Mit ihrer langj\u00e4hrigen Erfahrung im T\u00e4towieren bringt sie Leidenschaft und Pr\u00e4zision in jedes Design. Sie legt gro\u00dfen Wert darauf, auf die individuellen W\u00fcnsche ihrer Kunden einzugehen und so Tattoos und Piercings zu schaffen, die perfekt zu ihnen passen.<\/p>\n<p><strong>Unser Studio<\/strong> in Hollersbach bietet eine entspannte und einladende Atmosph\u00e4re, in der du dich sofort wohlf\u00fchlen wirst. Ob es um dein erstes Tattoo, ein neues Piercing oder um eine Erweiterung deiner bestehenden Kunstwerke geht \u2013 wir nehmen uns die Zeit, dich umfassend zu beraten und gemeinsam die beste Umsetzung zu finden.<\/p>\n<p>Mit h\u00f6chstem Augenmerk auf Hygiene und Qualit\u00e4t verwenden wir ausschlie\u00dflich hochwertige Materialien und modernste Techniken, damit du dich bei uns in sicheren H\u00e4nden wei\u00dft.<\/p>\n<p>Besuche <strong>The Insane Monkey<\/strong> und lass dich von Melanie und ihrem Team inspirieren. Gemeinsam setzen wir deine Tattoo- und Piercing-Ideen in die Realit\u00e4t um!<\/p>\n\n<figure class=\"wp-block-gallery has-nested-images columns-default is-cropped wp-block-gallery-2 is-layout-flex wp-block-gallery-is-layout-flex\">\n<figure class=\"wp-block-image size-large\"><\/figure>\n<\/figure>\n\t\t\t\t\t\t\t\t<\/div>\n\t\t\t\t<\/div>\n\t\t\t\t\t<\/div>\n\t\t\t\t<\/div>\n\t\t<div class=\"elementor-element elementor-element-93c661b e-flex e-con-boxed e-con e-parent\" data-id=\"93c661b\" data-element_type=\"container\">\n\t\t\t\t\t<div class=\"e-con-inner\">\n\t\t\t\t<div class=\"elementor-element elementor-element-6762400 elementor-widget elementor-widget-image\" data-id=\"6762400\" data-element_type=\"widget\" data-widget_type=\"image.default\">\n\t\t\t\t<div class=\"elementor-widget-container\">\n\t\t\t\t\t\t\t\t\t\t\t\t\t\t\t<img fetchpriority=\"high\" decoding=\"async\" width=\"666\" height=\"666\" src=\"https:\/\/www.insanemonkeytattoo.at\/wp-content\/uploads\/PHOTO-2024-09-12-15-48-20-666x666.jpg\" class=\"attachment-post-thumbnail size-post-thumbnail wp-image-108\" alt=\"\" srcset=\"https:\/\/www.insanemonkeytattoo.at\/wp-content\/uploads\/PHOTO-2024-09-12-15-48-20-666x666.jpg 666w, https:\/\/www.insanemonkeytattoo.at\/wp-content\/uploads\/PHOTO-2024-09-12-15-48-20-150x150.jpg 150w, https:\/\/www.insanemonkeytattoo.at\/wp-content\/uploads\/elementor\/thumbs\/PHOTO-2024-09-12-15-48-20-qu1i2qli9vuiwmvbnj47zxm1p7uv3uzbywdvzai960.jpg 100w, https:\/\/www.insanemonkeytattoo.at\/wp-content\/uploads\/elementor\/thumbs\/PHOTO-2024-09-12-15-48-20-qu1i2qlhnygb3msgg2omxw6v6jr1rzdh103awl9n5g.jpg 50w\" sizes=\"(max-width: 666px) 100vw, 666px\" \/>\t\t\t\t\t\t\t\t\t\t\t\t\t\t\t<\/div>\n\t\t\t\t<\/div>\n\t\t\t\t\t<\/div>\n\t\t\t\t<\/div>\n\t\t<div class=\"elementor-element elementor-element-c495060 e-flex e-con-boxed e-con e-parent\" data-id=\"c495060\" data-element_type=\"container\">\n\t\t\t\t\t<div class=\"e-con-inner\">\n\t\t\t\t<div class=\"elementor-element elementor-element-f81d1b6 elementor-widget elementor-widget-spacer\" data-id=\"f81d1b6\" data-element_type=\"widget\" data-widget_type=\"spacer.default\">\n\t\t\t\t<div class=\"elementor-widget-container\">\n\t\t\t\t\t\t\t<div class=\"elementor-spacer\">\n\t\t\t<div class=\"elementor-spacer-inner\"><\/div>\n\t\t<\/div>\n\t\t\t\t\t\t<\/div>\n\t\t\t\t<\/div>\n\t\t\t\t\t<\/div>\n\t\t\t\t<\/div>\n\t\t<div class=\"elementor-element elementor-element-480b1f1 e-flex e-con-boxed e-con e-parent\" data-id=\"480b1f1\" data-element_type=\"container\">\n\t\t\t\t\t<div class=\"e-con-inner\">\n\t\t\t\t<div class=\"elementor-element elementor-element-5bdb714 elementor-widget elementor-widget-spacer\" data-id=\"5bdb714\" data-element_type=\"widget\" data-widget_type=\"spacer.default\">\n\t\t\t\t<div class=\"elementor-widget-container\">\n\t\t\t\t\t\t\t<div class=\"elementor-spacer\">\n\t\t\t<div class=\"elementor-spacer-inner\"><\/div>\n\t\t<\/div>\n\t\t\t\t\t\t<\/div>\n\t\t\t\t<\/div>\n\t\t\t\t\t<\/div>\n\t\t\t\t<\/div>\n\t\t\t\t<\/div>\n\t\t","protected":false},"excerpt":{"rendered":"<p>The Insane Monkey &#8211; Tattoo und Piercingstudio in Hollersbach Willkommen bei The Insane Monkey, deinem Tattoo- und Piercing-Studio in Hollersbach!<\/p>\n<p><a href=\"https:\/\/www.insanemonkeytattoo.at\/\" class=\"more-link\">Continue reading<span class=\"screen-reader-text\">Home<\/span><\/a><\/p>\n","protected":false},"author":1,"featured_media":0,"parent":0,"menu_order":0,"comment_status":"closed","ping_status":"closed","template":"","meta":{"footnotes":""},"class_list":["post-7","page","type-page","status-publish","hentry"],"yoast_head":"<!-- This site is optimized with the Yoast SEO plugin v25.0 - https:\/\/yoast.com\/wordpress\/plugins\/seo\/ -->\n<title>Home - The Insane Monkey<\/title>\n<meta name=\"description\" content=\"Willkommen bei The Insane Monkey, deinem Tattoo- und Piercing-Studio in Hollersbach! Unter der kreativen Leitung von Inhaberin Melanie sind wir stolz darauf, individuelle Kunstwerke zu erschaffen und ein einzigartiges Piercing-Erlebnis zu bieten.\" \/>\n<meta name=\"robots\" content=\"index, follow, max-snippet:-1, max-image-preview:large, max-video-preview:-1\" \/>\n<link rel=\"canonical\" href=\"https:\/\/www.insanemonkeytattoo.at\/\" \/>\n<meta property=\"og:locale\" content=\"de_DE\" \/>\n<meta property=\"og:type\" content=\"article\" \/>\n<meta property=\"og:title\" content=\"Home - The Insane Monkey\" \/>\n<meta property=\"og:description\" content=\"Willkommen bei The Insane Monkey, deinem Tattoo- und Piercing-Studio in Hollersbach! Unter der kreativen Leitung von Inhaberin Melanie sind wir stolz darauf, individuelle Kunstwerke zu erschaffen und ein einzigartiges Piercing-Erlebnis zu bieten.\" \/>\n<meta property=\"og:url\" content=\"https:\/\/www.insanemonkeytattoo.at\/\" \/>\n<meta property=\"og:site_name\" content=\"The Insane Monkey\" \/>\n<meta property=\"article:publisher\" content=\"https:\/\/www.facebook.com\/profile.php?id=100083181228499\" \/>\n<meta property=\"article:modified_time\" content=\"2024-09-23T09:41:42+00:00\" \/>\n<meta property=\"og:image\" content=\"https:\/\/www.insanemonkeytattoo.at\/wp-content\/uploads\/PHOTO-2024-09-12-15-48-20-666x666.jpg\" \/>\n<meta name=\"twitter:card\" content=\"summary_large_image\" \/>\n<meta name=\"twitter:label1\" content=\"Gesch\u00e4tzte Lesezeit\" \/>\n\t<meta name=\"twitter:data1\" content=\"2\u00a0Minuten\" \/>\n<script type=\"application\/ld+json\" class=\"yoast-schema-graph\">{\"@context\":\"https:\/\/schema.org\",\"@graph\":[{\"@type\":\"WebPage\",\"@id\":\"https:\/\/www.insanemonkeytattoo.at\/\",\"url\":\"https:\/\/www.insanemonkeytattoo.at\/\",\"name\":\"Home - The Insane Monkey\",\"isPartOf\":{\"@id\":\"https:\/\/www.insanemonkeytattoo.at\/#website\"},\"primaryImageOfPage\":{\"@id\":\"https:\/\/www.insanemonkeytattoo.at\/#primaryimage\"},\"image\":{\"@id\":\"https:\/\/www.insanemonkeytattoo.at\/#primaryimage\"},\"thumbnailUrl\":\"https:\/\/www.insanemonkeytattoo.at\/wp-content\/uploads\/PHOTO-2024-09-12-15-48-20-666x666.jpg\",\"datePublished\":\"2024-09-13T07:50:03+00:00\",\"dateModified\":\"2024-09-23T09:41:42+00:00\",\"description\":\"Willkommen bei The Insane Monkey, deinem Tattoo- und Piercing-Studio in Hollersbach! Unter der kreativen Leitung von Inhaberin Melanie sind wir stolz darauf, individuelle Kunstwerke zu erschaffen und ein einzigartiges Piercing-Erlebnis zu bieten.\",\"breadcrumb\":{\"@id\":\"https:\/\/www.insanemonkeytattoo.at\/#breadcrumb\"},\"inLanguage\":\"de\",\"potentialAction\":[{\"@type\":\"ReadAction\",\"target\":[\"https:\/\/www.insanemonkeytattoo.at\/\"]}]},{\"@type\":\"ImageObject\",\"inLanguage\":\"de\",\"@id\":\"https:\/\/www.insanemonkeytattoo.at\/#primaryimage\",\"url\":\"https:\/\/www.insanemonkeytattoo.at\/wp-content\/uploads\/PHOTO-2024-09-12-15-48-20.jpg\",\"contentUrl\":\"https:\/\/www.insanemonkeytattoo.at\/wp-content\/uploads\/PHOTO-2024-09-12-15-48-20.jpg\",\"width\":720,\"height\":1411},{\"@type\":\"BreadcrumbList\",\"@id\":\"https:\/\/www.insanemonkeytattoo.at\/#breadcrumb\",\"itemListElement\":[{\"@type\":\"ListItem\",\"position\":1,\"name\":\"Startseite\",\"item\":\"https:\/\/www.insanemonkeytattoo.at\/\"},{\"@type\":\"ListItem\",\"position\":2,\"name\":\"Home\"}]},{\"@type\":\"WebSite\",\"@id\":\"https:\/\/www.insanemonkeytattoo.at\/#website\",\"url\":\"https:\/\/www.insanemonkeytattoo.at\/\",\"name\":\"The Insane Monkey\",\"description\":\"Tattoo und Piercingstudio\",\"potentialAction\":[{\"@type\":\"SearchAction\",\"target\":{\"@type\":\"EntryPoint\",\"urlTemplate\":\"https:\/\/www.insanemonkeytattoo.at\/?s={search_term_string}\"},\"query-input\":{\"@type\":\"PropertyValueSpecification\",\"valueRequired\":true,\"valueName\":\"search_term_string\"}}],\"inLanguage\":\"de\"}]}<\/script>\n<!-- \/ Yoast SEO plugin. -->","yoast_head_json":{"title":"Home - The Insane Monkey","description":"Willkommen bei The Insane Monkey, deinem Tattoo- und Piercing-Studio in Hollersbach! Unter der kreativen Leitung von Inhaberin Melanie sind wir stolz darauf, individuelle Kunstwerke zu erschaffen und ein einzigartiges Piercing-Erlebnis zu bieten.","robots":{"index":"index","follow":"follow","max-snippet":"max-snippet:-1","max-image-preview":"max-image-preview:large","max-video-preview":"max-video-preview:-1"},"canonical":"https:\/\/www.insanemonkeytattoo.at\/","og_locale":"de_DE","og_type":"article","og_title":"Home - The Insane Monkey","og_description":"Willkommen bei The Insane Monkey, deinem Tattoo- und Piercing-Studio in Hollersbach! Unter der kreativen Leitung von Inhaberin Melanie sind wir stolz darauf, individuelle Kunstwerke zu erschaffen und ein einzigartiges Piercing-Erlebnis zu bieten.","og_url":"https:\/\/www.insanemonkeytattoo.at\/","og_site_name":"The Insane Monkey","article_publisher":"https:\/\/www.facebook.com\/profile.php?id=100083181228499","article_modified_time":"2024-09-23T09:41:42+00:00","og_image":[{"url":"https:\/\/www.insanemonkeytattoo.at\/wp-content\/uploads\/PHOTO-2024-09-12-15-48-20-666x666.jpg","type":"","width":"","height":""}],"twitter_card":"summary_large_image","twitter_misc":{"Gesch\u00e4tzte Lesezeit":"2\u00a0Minuten"},"schema":{"@context":"https:\/\/schema.org","@graph":[{"@type":"WebPage","@id":"https:\/\/www.insanemonkeytattoo.at\/","url":"https:\/\/www.insanemonkeytattoo.at\/","name":"Home - The Insane Monkey","isPartOf":{"@id":"https:\/\/www.insanemonkeytattoo.at\/#website"},"primaryImageOfPage":{"@id":"https:\/\/www.insanemonkeytattoo.at\/#primaryimage"},"image":{"@id":"https:\/\/www.insanemonkeytattoo.at\/#primaryimage"},"thumbnailUrl":"https:\/\/www.insanemonkeytattoo.at\/wp-content\/uploads\/PHOTO-2024-09-12-15-48-20-666x666.jpg","datePublished":"2024-09-13T07:50:03+00:00","dateModified":"2024-09-23T09:41:42+00:00","description":"Willkommen bei The Insane Monkey, deinem Tattoo- und Piercing-Studio in Hollersbach! Unter der kreativen Leitung von Inhaberin Melanie sind wir stolz darauf, individuelle Kunstwerke zu erschaffen und ein einzigartiges Piercing-Erlebnis zu bieten.","breadcrumb":{"@id":"https:\/\/www.insanemonkeytattoo.at\/#breadcrumb"},"inLanguage":"de","potentialAction":[{"@type":"ReadAction","target":["https:\/\/www.insanemonkeytattoo.at\/"]}]},{"@type":"ImageObject","inLanguage":"de","@id":"https:\/\/www.insanemonkeytattoo.at\/#primaryimage","url":"https:\/\/www.insanemonkeytattoo.at\/wp-content\/uploads\/PHOTO-2024-09-12-15-48-20.jpg","contentUrl":"https:\/\/www.insanemonkeytattoo.at\/wp-content\/uploads\/PHOTO-2024-09-12-15-48-20.jpg","width":720,"height":1411},{"@type":"BreadcrumbList","@id":"https:\/\/www.insanemonkeytattoo.at\/#breadcrumb","itemListElement":[{"@type":"ListItem","position":1,"name":"Startseite","item":"https:\/\/www.insanemonkeytattoo.at\/"},{"@type":"ListItem","position":2,"name":"Home"}]},{"@type":"WebSite","@id":"https:\/\/www.insanemonkeytattoo.at\/#website","url":"https:\/\/www.insanemonkeytattoo.at\/","name":"The Insane Monkey","description":"Tattoo und Piercingstudio","potentialAction":[{"@type":"SearchAction","target":{"@type":"EntryPoint","urlTemplate":"https:\/\/www.insanemonkeytattoo.at\/?s={search_term_string}"},"query-input":{"@type":"PropertyValueSpecification","valueRequired":true,"valueName":"search_term_string"}}],"inLanguage":"de"}]}},"_links":{"self":[{"href":"https:\/\/www.insanemonkeytattoo.at\/index.php?rest_route=\/wp\/v2\/pages\/7","targetHints":{"allow":["GET"]}}],"collection":[{"href":"https:\/\/www.insanemonkeytattoo.at\/index.php?rest_route=\/wp\/v2\/pages"}],"about":[{"href":"https:\/\/www.insanemonkeytattoo.at\/index.php?rest_route=\/wp\/v2\/types\/page"}],"author":[{"embeddable":true,"href":"https:\/\/www.insanemonkeytattoo.at\/index.php?rest_route=\/wp\/v2\/users\/1"}],"replies":[{"embeddable":true,"href":"https:\/\/www.insanemonkeytattoo.at\/index.php?rest_route=%2Fwp%2Fv2%2Fcomments&post=7"}],"version-history":[{"count":44,"href":"https:\/\/www.insanemonkeytattoo.at\/index.php?rest_route=\/wp\/v2\/pages\/7\/revisions"}],"predecessor-version":[{"id":470,"href":"https:\/\/www.insanemonkeytattoo.at\/index.php?rest_route=\/wp\/v2\/pages\/7\/revisions\/470"}],"wp:attachment":[{"href":"https:\/\/www.insanemonkeytattoo.at\/index.php?rest_route=%2Fwp%2Fv2%2Fmedia&parent=7"}],"curies":[{"name":"wp","href":"https:\/\/api.w.org\/{rel}","templated":true}]}}